{"id":11,"date":"2021-07-06T09:32:32","date_gmt":"2021-07-06T09:32:32","guid":{"rendered":"https:\/\/www.mitortabella.com\/?page_id=11"},"modified":"2021-07-24T17:40:47","modified_gmt":"2021-07-24T17:40:47","slug":"nosotros","status":"publish","type":"page","link":"https:\/\/www.mitortabella.com\/index.php\/nosotros\/","title":{"rendered":"Nosotros"},"content":{"rendered":"\t\t<div data-elementor-type=\"wp-page\" data-elementor-id=\"11\" class=\"elementor elementor-11\" data-elementor-settings=\"[]\">\n\t\t\t\t\t\t<div class=\"elementor-inner\">\n\t\t\t\t\t\t\t<div class=\"elementor-section-wrap\">\n\t\t\t\t\t\t\t<section class=\"elementor-section elementor-top-section elementor-element elementor-element-4080880b elementor-section-content-middle elementor-section-boxed elementor-section-height-default elementor-section-height-default\" data-id=\"4080880b\" data-element_type=\"section\" data-settings=\"{&quot;background_background&quot;:&quot;classic&quot;,&quot;shape_divider_bottom&quot;:&quot;drops&quot;,&quot;shape_divider_bottom_negative&quot;:&quot;yes&quot;}\">\n\t\t\t\t\t\t\t<div class=\"elementor-background-overlay\"><\/div>\n\t\t\t\t\t\t<div class=\"elementor-shape elementor-shape-bottom\" data-negative=\"true\">\n\t\t\t<svg xmlns=\"http:\/\/www.w3.org\/2000\/svg\" height=\"100%\" viewBox=\"0 0 283.5 27.8\" preserveAspectRatio=\"xMidYMax slice\">\n\t<path class=\"elementor-shape-fill\" d=\"M282.7 3.4c-2 3.8-2.2 6.6-1.8 10.8.3 3.3 2 8.5.4 11.6-1.4 2.6-4 2.5-5-.2-1.2-3.4.3-7.6.5-11.1.3-4.3-2.9-6.9-7.4-5.8-3.1.7-4.1 3.3-4.3 6.2-.2 2 1.2 8-.1 9.6-3.1 4.3-2.5-4.5-2.5-5.2.1-4-.1-9.6-4.1-11.6-4.5-2.3-6.1 1-5.5 5 .2 1.4 1.5 10.2-2.7 6.9-2.5-1.9.4-7.5-.9-10.3-.8-1.8-2.6-4.2-4.8-4.1-2.4.1-2.7 2.2-4 3.7-3.3 3.8-2.2-1.2-4.8-2.7-5.5-3.1-2 5.6-2.9 7.3-1.4 2.4-3.1.6-3.3-1.3-.1-1.5.5-3.1.4-4.6-.3-4.3-2.9-5.3-5.2-1.2-3.7 6.7-2.8-1.9-6.5-.4-3 1.1-.9 9.2-.6 11.1.7 4.1-2.2 5.2-2.7.8-.4-3.6 2.8-10.2.8-13.4-2.1-3.3-6.7-.1-7.9 2.4-2.1 4.2-.4 8.7 0 13.1.2 2-.8 8.9-3.8 4.8-3.1-4.3 2.5-11.6.2-16.3-1.1-2.2-5.8-3.5-7.2-1-.8 1.4 1 3.4.3 4.8s-2.2 1.2-2.8-.3c-.8-2.1 2.2-4.8-.1-6.5-1.3-.9-3.5.3-4.9.5-2.4-.1-3.3 0-4.5 2-.7 1.2-.4 3-2.3 2.1-1.9-.8-1.7-4.3-4.1-4.9-2.1-.6-4 1.3-5.1 2.9-.9 1.4-1.3 3-1.3 4.6 0 1.9 1.4 4.2.3 6-2.4 4.2-4.2-2.2-3.8-4.4.5-2.9 2-7.7-2.7-7.5-5.2.3-6.1 5.8-6.4 9.8-.1 1.3 1.5 10.4-2 8.4-1.8-1-.5-7.5-.6-9.1-.1-3.5-1.6-8.3-6.3-7.1-7.6 1.9 2.1 18.2-4.8 18.7-3.7.3-2.3-6.2-2-8.1.5-3.1.5-11.4-5.5-8.5-2.2 1.1-1 2.3-1.3 4.3-.2 1.8-1.3 3.2-2.3.8-1.1-2.5.8-6.7-3.9-6.6-8 .1-.7 16.4-4.8 15.8-2.8-.4-1-9.3-1.3-11.3-.6-3.5-3.5-7.8-7.8-6.9-4.4.9-1.4 6.5-1.4 9.1 0 3.1-3.4 5.9-4.4 1.7-.5-2.2.9-4.4.6-6.6-.3-1.9-1.5-4.1-3.2-5.2-5.3-3.4-4.9 5.2-8.1 4.5-1.4-.3-3-8.1-6.1-4.1-.7.9 2 10.3-2.2 8-2-1.1-.1-6.7-.7-8.9-1.8-6.2-4.7 2.3-6.1 3.1-2.9 1.7-4.6-6.2-6.3-.6-.5 1.7-.4 3.7-.2 5.4.2 1.6 1.5 4.6 1 6.1-.6 1.8-1.7 1.7-2.6.3-1-1.6-.4-4.5-.2-6.2.3-2.5 2.4-8.4-.2-10.3-3.1-2.1-6.8 2.1-7.7 4.5-1.5 4.3.3 8.7.5 13 .1 3.2-3 7.5-4.3 2.4-.6-2.4.2-5.1.6-7.4.4-2.3 1.2-6-.1-8.1-1.2-1.9-5.8-2.7-7-.5-.9 1.6 1.2 5.2-.6 5.6-2.4.6-2-2.3-1.8-3.4.3-1.5 1.1-3.2-.4-4.3-1.2-.9-4.7.3-5.9.5-2.4.5-2.5 1.4-3.6 3.3-1.2 2.1-1.4 1.7-3-.1-1.3-1.5-1.7-3.6-4-3.7-1.8-.1-3.4 1.7-4.2 3-1.4 2.2-1.3 4.1-1 6.5.2 1.4 1 3.8-.5 4.9-3.9 2.9-3.2-4.6-2.9-6.3.8-3.9-.4-8.1-5.4-5.6-3.8 1.9-4.1 6.7-4.1 10.5 0 1.6 1.2 5.8-.1 6.9-.8.7-1.8.3-2.4-.5-1.1-1.5.1-6.7 0-8.5-.1-3.5-.9-6.9-4.9-7.4-3.6-.6-6.7 1.2-6.8 4.9-.1 3.9 2 8.2.6 12-.9 2.4-2.9 2.9-4.6.9-2.4-2.8-.4-9 0-12.3.4-4.2.2-7-1.8-10.8C1.1 2.8.6 2.1 0 1.4v26.4h283.5V2.2c-.3.4-.6.8-.8 1.2z\"\/>\n<\/svg>\t\t<\/div>\n\t\t\t\t\t<div class=\"elementor-container elementor-column-gap-no\">\n\t\t\t\t\t\t\t<div class=\"elementor-row\">\n\t\t\t\t\t<div class=\"elementor-column elementor-col-100 elementor-top-column elementor-element elementor-element-41d9c6b3\" data-id=\"41d9c6b3\" data-element_type=\"column\" data-settings=\"{&quot;background_background&quot;:&quot;classic&quot;}\">\n\t\t\t<div class=\"elementor-column-wrap elementor-element-populated\">\n\t\t\t\t\t\t\t<div class=\"elementor-widget-wrap\">\n\t\t\t\t\t\t<div class=\"elementor-element elementor-element-1864611 elementor-widget elementor-widget-heading\" data-id=\"1864611\" data-element_type=\"widget\" data-widget_type=\"heading.default\">\n\t\t\t\t<div class=\"elementor-widget-container\">\n\t\t\t<h4 class=\"elementor-heading-title elementor-size-default\">Nosotros<\/h4>\t\t<\/div>\n\t\t\t\t<\/div>\n\t\t\t\t<div class=\"elementor-element elementor-element-f2cb6af elementor-widget elementor-widget-heading\" data-id=\"f2cb6af\" data-element_type=\"widget\" data-widget_type=\"heading.default\">\n\t\t\t\t<div class=\"elementor-widget-container\">\n\t\t\t<h5 class=\"elementor-heading-title elementor-size-default\">\u00a1Conoce nuestra historia!<\/h5>\t\t<\/div>\n\t\t\t\t<\/div>\n\t\t\t\t\t\t<\/div>\n\t\t\t\t\t<\/div>\n\t\t<\/div>\n\t\t\t\t\t\t\t\t<\/div>\n\t\t\t\t\t<\/div>\n\t\t<\/section>\n\t\t\t\t<section class=\"elementor-section elementor-top-section elementor-element elementor-element-24b673bd elementor-section-content-middle elementor-section-boxed elementor-section-height-default elementor-section-height-default\" data-id=\"24b673bd\" data-element_type=\"section\" data-settings=\"{&quot;background_background&quot;:&quot;classic&quot;}\">\n\t\t\t\t\t\t<div class=\"elementor-container elementor-column-gap-no\">\n\t\t\t\t\t\t\t<div class=\"elementor-row\">\n\t\t\t\t\t<div class=\"elementor-column elementor-col-50 elementor-top-column elementor-element elementor-element-1997b348\" data-id=\"1997b348\" data-element_type=\"column\">\n\t\t\t<div class=\"elementor-column-wrap elementor-element-populated\">\n\t\t\t\t\t\t\t<div class=\"elementor-widget-wrap\">\n\t\t\t\t\t\t<div class=\"elementor-element elementor-element-78253125 elementor-widget elementor-widget-image\" data-id=\"78253125\" data-element_type=\"widget\" data-widget_type=\"image.default\">\n\t\t\t\t<div class=\"elementor-widget-container\">\n\t\t\t\t\t<div class=\"elementor-image\">\n\t\t\t\t\t\t\t\t\t\t<img loading=\"lazy\" decoding=\"async\" width=\"2550\" height=\"1700\" src=\"https:\/\/www.mitortabella.com\/wp-content\/uploads\/2021\/07\/Mi-publicacio\u0301n-18.png\" class=\"attachment-full size-full\" alt=\"\" srcset=\"https:\/\/www.mitortabella.com\/wp-content\/uploads\/2021\/07\/Mi-publicacio\u0301n-18.png 2550w, https:\/\/www.mitortabella.com\/wp-content\/uploads\/2021\/07\/Mi-publicacio\u0301n-18-300x200.png 300w, https:\/\/www.mitortabella.com\/wp-content\/uploads\/2021\/07\/Mi-publicacio\u0301n-18-1024x683.png 1024w\" sizes=\"auto, (max-width: 2550px) 100vw, 2550px\" \/>\t\t\t\t\t\t\t\t\t\t\t<\/div>\n\t\t\t\t<\/div>\n\t\t\t\t<\/div>\n\t\t\t\t\t\t<\/div>\n\t\t\t\t\t<\/div>\n\t\t<\/div>\n\t\t\t\t<div class=\"elementor-column elementor-col-50 elementor-top-column elementor-element elementor-element-23ad27d0\" data-id=\"23ad27d0\" data-element_type=\"column\">\n\t\t\t<div class=\"elementor-column-wrap elementor-element-populated\">\n\t\t\t\t\t\t\t<div class=\"elementor-widget-wrap\">\n\t\t\t\t\t\t<div class=\"elementor-element elementor-element-5f4bd496 elementor-view-default elementor-widget elementor-widget-icon\" data-id=\"5f4bd496\" data-element_type=\"widget\" data-widget_type=\"icon.default\">\n\t\t\t\t<div class=\"elementor-widget-container\">\n\t\t\t\t\t<div class=\"elementor-icon-wrapper\">\n\t\t\t<div class=\"elementor-icon\">\n\t\t\t<i aria-hidden=\"true\" class=\"fas fa-quote-left\"><\/i>\t\t\t<\/div>\n\t\t<\/div>\n\t\t\t\t<\/div>\n\t\t\t\t<\/div>\n\t\t\t\t<div class=\"elementor-element elementor-element-33f298fa elementor-widget elementor-widget-text-editor\" data-id=\"33f298fa\" data-element_type=\"widget\" data-widget_type=\"text-editor.default\">\n\t\t\t\t<div class=\"elementor-widget-container\">\n\t\t\t\t\t<div class=\"elementor-text-editor elementor-clearfix\"><p>Nuestra especialidad es tortas, bocaditos y complementos para las reuniones familiares y empresariales para lo cual tenemos formaci\u00f3n y practica de muchos a\u00f1os. Nuestra calidad de producto es proveniente de los ingredientes seriamente seleccionados y la t\u00e9cnica empleada en su elaboraci\u00f3n.&nbsp;<\/p><p><span style=\"font-style: inherit; font-weight: inherit;\">La permanente actualizaci\u00f3n en dise\u00f1os y novedades de moda hacen de nuestros productos algo distintivo para que su reuni\u00f3n sea lo m\u00e1s personalizado y destacado posible.<\/span><br><\/p><\/div>\n\t\t\t\t<\/div>\n\t\t\t\t<\/div>\n\t\t\t\t<div class=\"elementor-element elementor-element-56e03d9a elementor-widget elementor-widget-heading\" data-id=\"56e03d9a\" data-element_type=\"widget\" data-widget_type=\"heading.default\">\n\t\t\t\t<div class=\"elementor-widget-container\">\n\t\t\t<h2 class=\"elementor-heading-title elementor-size-default\">Mike Stuart<\/h2>\t\t<\/div>\n\t\t\t\t<\/div>\n\t\t\t\t\t\t<\/div>\n\t\t\t\t\t<\/div>\n\t\t<\/div>\n\t\t\t\t\t\t\t\t<\/div>\n\t\t\t\t\t<\/div>\n\t\t<\/section>\n\t\t\t\t<section class=\"elementor-section elementor-top-section elementor-element elementor-element-707cb9f2 elementor-section-content-middle elementor-section-boxed elementor-section-height-default elementor-section-height-default\" data-id=\"707cb9f2\" data-element_type=\"section\">\n\t\t\t\t\t\t<div class=\"elementor-container elementor-column-gap-no\">\n\t\t\t\t\t\t\t<div class=\"elementor-row\">\n\t\t\t\t\t<div class=\"elementor-column elementor-col-100 elementor-top-column elementor-element elementor-element-73734ef9\" data-id=\"73734ef9\" data-element_type=\"column\">\n\t\t\t<div class=\"elementor-column-wrap elementor-element-populated\">\n\t\t\t\t\t\t\t<div class=\"elementor-widget-wrap\">\n\t\t\t\t\t\t<section class=\"elementor-section elementor-inner-section elementor-element elementor-element-22d7dd39 elementor-section-content-middle elementor-section-boxed elementor-section-height-default elementor-section-height-default\" data-id=\"22d7dd39\" data-element_type=\"section\">\n\t\t\t\t\t\t<div class=\"elementor-container elementor-column-gap-no\">\n\t\t\t\t\t\t\t<div class=\"elementor-row\">\n\t\t\t\t\t<div class=\"elementor-column elementor-col-50 elementor-inner-column elementor-element elementor-element-1f9630e1\" data-id=\"1f9630e1\" data-element_type=\"column\">\n\t\t\t<div class=\"elementor-column-wrap elementor-element-populated\">\n\t\t\t\t\t\t\t<div class=\"elementor-widget-wrap\">\n\t\t\t\t\t\t<div class=\"elementor-element elementor-element-7d87c66 elementor-view-default elementor-widget elementor-widget-icon\" data-id=\"7d87c66\" data-element_type=\"widget\" data-widget_type=\"icon.default\">\n\t\t\t\t<div class=\"elementor-widget-container\">\n\t\t\t\t\t<div class=\"elementor-icon-wrapper\">\n\t\t\t<div class=\"elementor-icon\">\n\t\t\t<i aria-hidden=\"true\" class=\"fas fa-gift\"><\/i>\t\t\t<\/div>\n\t\t<\/div>\n\t\t\t\t<\/div>\n\t\t\t\t<\/div>\n\t\t\t\t<div class=\"elementor-element elementor-element-336bcc7a elementor-position-top elementor-vertical-align-top elementor-widget elementor-widget-image-box\" data-id=\"336bcc7a\" data-element_type=\"widget\" data-widget_type=\"image-box.default\">\n\t\t\t\t<div class=\"elementor-widget-container\">\n\t\t\t<div class=\"elementor-image-box-wrapper\"><div class=\"elementor-image-box-content\"><h3 class=\"elementor-image-box-title\">L\u00edneas complementarias<\/h3><p class=\"elementor-image-box-description\">Nuestras l\u00edneas complementarias como detalles y souvenirs son de acabados de lujo a precios muy accesibles.\n<\/p><\/div><\/div>\t\t<\/div>\n\t\t\t\t<\/div>\n\t\t\t\t\t\t<\/div>\n\t\t\t\t\t<\/div>\n\t\t<\/div>\n\t\t\t\t<div class=\"elementor-column elementor-col-50 elementor-inner-column elementor-element elementor-element-f587fb7\" data-id=\"f587fb7\" data-element_type=\"column\">\n\t\t\t<div class=\"elementor-column-wrap elementor-element-populated\">\n\t\t\t\t\t\t\t<div class=\"elementor-widget-wrap\">\n\t\t\t\t\t\t<div class=\"elementor-element elementor-element-8f524f4 elementor-view-default elementor-widget elementor-widget-icon\" data-id=\"8f524f4\" data-element_type=\"widget\" data-widget_type=\"icon.default\">\n\t\t\t\t<div class=\"elementor-widget-container\">\n\t\t\t\t\t<div class=\"elementor-icon-wrapper\">\n\t\t\t<div class=\"elementor-icon\">\n\t\t\t<i aria-hidden=\"true\" class=\"fas fa-magic\"><\/i>\t\t\t<\/div>\n\t\t<\/div>\n\t\t\t\t<\/div>\n\t\t\t\t<\/div>\n\t\t\t\t<div class=\"elementor-element elementor-element-697f962 elementor-position-top elementor-vertical-align-top elementor-widget elementor-widget-image-box\" data-id=\"697f962\" data-element_type=\"widget\" data-widget_type=\"image-box.default\">\n\t\t\t\t<div class=\"elementor-widget-container\">\n\t\t\t<div class=\"elementor-image-box-wrapper\"><div class=\"elementor-image-box-content\"><h3 class=\"elementor-image-box-title\">Personalizaci\u00f3n<\/h3><p class=\"elementor-image-box-description\">Las personalizaciones de los acabados en tortas, detalles, souvenirs y otros complementos siempre ser\u00e1n la prioridad de nuestros esfuerzos.<\/p><\/div><\/div>\t\t<\/div>\n\t\t\t\t<\/div>\n\t\t\t\t\t\t<\/div>\n\t\t\t\t\t<\/div>\n\t\t<\/div>\n\t\t\t\t\t\t\t\t<\/div>\n\t\t\t\t\t<\/div>\n\t\t<\/section>\n\t\t\t\t\t\t<\/div>\n\t\t\t\t\t<\/div>\n\t\t<\/div>\n\t\t\t\t\t\t\t\t<\/div>\n\t\t\t\t\t<\/div>\n\t\t<\/section>\n\t\t\t\t\t\t<\/div>\n\t\t\t\t\t\t<\/div>\n\t\t\t\t\t<\/div>\n\t\t","protected":false},"excerpt":{"rendered":"<p>Nosotros \u00a1Conoce nuestra historia! Nuestra especialidad es tortas, bocaditos y complementos para las reuniones familiares y empresariales para lo cual tenemos formaci\u00f3n y practica de muchos a\u00f1os. Nuestra calidad de producto es proveniente de los ingredientes seriamente seleccionados y la t\u00e9cnica empleada en su elaboraci\u00f3n.&nbsp; La permanente actualizaci\u00f3n en dise\u00f1os y novedades de moda hacen &hellip;<\/p>\n<p class=\"read-more\"> <a class=\"\" href=\"https:\/\/www.mitortabella.com\/index.php\/nosotros\/\"> <span class=\"screen-reader-text\">Nosotros<\/span> Leer m\u00e1s &raquo;<\/a><\/p>\n","protected":false},"author":1,"featured_media":0,"parent":0,"menu_order":0,"comment_status":"closed","ping_status":"closed","template":"","meta":{"footnotes":""},"class_list":["post-11","page","type-page","status-publish","hentry"],"_links":{"self":[{"href":"https:\/\/www.mitortabella.com\/index.php\/wp-json\/wp\/v2\/pages\/11","targetHints":{"allow":["GET"]}}],"collection":[{"href":"https:\/\/www.mitortabella.com\/index.php\/wp-json\/wp\/v2\/pages"}],"about":[{"href":"https:\/\/www.mitortabella.com\/index.php\/wp-json\/wp\/v2\/types\/page"}],"author":[{"embeddable":true,"href":"https:\/\/www.mitortabella.com\/index.php\/wp-json\/wp\/v2\/users\/1"}],"replies":[{"embeddable":true,"href":"https:\/\/www.mitortabella.com\/index.php\/wp-json\/wp\/v2\/comments?post=11"}],"version-history":[{"count":9,"href":"https:\/\/www.mitortabella.com\/index.php\/wp-json\/wp\/v2\/pages\/11\/revisions"}],"predecessor-version":[{"id":482,"href":"https:\/\/www.mitortabella.com\/index.php\/wp-json\/wp\/v2\/pages\/11\/revisions\/482"}],"wp:attachment":[{"href":"https:\/\/www.mitortabella.com\/index.php\/wp-json\/wp\/v2\/media?parent=11"}],"curies":[{"name":"wp","href":"https:\/\/api.w.org\/{rel}","templated":true}]}}